{"id":82,"date":"2026-01-30T23:05:23","date_gmt":"2026-01-30T23:05:23","guid":{"rendered":"https:\/\/vgvdemenagement.fr\/?page_id=82"},"modified":"2026-02-05T22:14:48","modified_gmt":"2026-02-05T22:14:48","slug":"a-propos","status":"publish","type":"page","link":"https:\/\/vgvdemenagement.fr\/?page_id=82","title":{"rendered":""},"content":{"rendered":"\t\t<div data-elementor-type=\"wp-page\" data-elementor-id=\"82\" class=\"elementor elementor-82\">\n\t\t\t\t<div class=\"elementor-element elementor-element-b97f996 e-flex e-con-boxed e-con e-parent\" data-id=\"b97f996\" data-element_type=\"container\">\n\t\t\t\t\t<div class=\"e-con-inner\">\n\t\t\t\t<div class=\"elementor-element elementor-element-f621cc8 elementor-widget elementor-widget-text-editor\" data-id=\"f621cc8\" data-element_type=\"widget\" data-widget_type=\"text-editor.default\">\n\t\t\t\t\t\t\t\t\t<p data-start=\"141\" data-end=\"576\">Chez <strong>VGV D\u00e9m\u00e9nagement<\/strong>, nous savons qu\u2019un d\u00e9m\u00e9nagement n\u2019est pas juste un transport de cartons. C\u2019est un moment important, parfois stressant, qui demande de l\u2019organisation, de la confiance et de la s\u00e9r\u00e9nit\u00e9.<br data-start=\"352\" data-end=\"355\" \/>Bas\u00e9s \u00e0 Grenoble, nous accompagnons les particuliers et les professionnels sur Grenoble et ses alentours avec une priorit\u00e9 : un service soign\u00e9, ponctuel et transparent, du premier contact jusqu\u2019\u00e0 la livraison.<\/p><h3 data-start=\"578\" data-end=\"627\">Une approche simple : s\u00e9rieux, soin et clart\u00e9<\/h3><p data-start=\"628\" data-end=\"718\">Notre mission est de vous proposer une prestation adapt\u00e9e \u00e0 votre situation, sans blabla :<\/p><ul data-start=\"719\" data-end=\"970\"><li data-start=\"719\" data-end=\"768\"><p data-start=\"721\" data-end=\"768\">Un \u00e9change rapide pour comprendre vos besoins<\/p><\/li><li data-start=\"769\" data-end=\"846\"><p data-start=\"771\" data-end=\"846\">Une estimation claire\u00a0<\/p><\/li><li data-start=\"847\" data-end=\"884\"><p data-start=\"849\" data-end=\"884\">Une organisation carr\u00e9e le jour J<\/p><\/li><li data-start=\"885\" data-end=\"970\"><p data-start=\"887\" data-end=\"970\">Une manutention attentive, avec protection du mobilier et respect de votre logement<\/p><\/li><\/ul><p data-start=\"972\" data-end=\"1113\">Nous mettons un point d\u2019honneur \u00e0 travailler proprement : prot\u00e9ger, s\u00e9curiser, optimiser, et surtout vous \u00e9viter les mauvaises surprises.<\/p><h3 data-start=\"1115\" data-end=\"1159\">Des formules adapt\u00e9es \u00e0 tous les besoins<\/h3><p data-start=\"1160\" data-end=\"1321\">Chaque d\u00e9m\u00e9nagement est diff\u00e9rent. C\u2019est pour cela que nous proposons 4 formules, afin que vous puissiez choisir le niveau d\u2019accompagnement qui vous correspond :<\/p><ul data-start=\"1322\" data-end=\"1536\"><li data-start=\"1322\" data-end=\"1364\"><p data-start=\"1324\" data-end=\"1364\"><strong>\u00c9co :<\/strong> l\u2019essentiel au meilleur prix<\/p><\/li><li data-start=\"1365\" data-end=\"1417\"><p data-start=\"1367\" data-end=\"1417\"><strong>\u00c9co+ :<\/strong> un peu plus de confort et de s\u00e9curit\u00e9<\/p><\/li><li data-start=\"1418\" data-end=\"1483\"><p data-start=\"1420\" data-end=\"1483\"><strong>Standard :<\/strong> l\u2019\u00e9quilibre id\u00e9al (la formule la plus choisie)<\/p><\/li><li data-start=\"1484\" data-end=\"1536\"><p data-start=\"1486\" data-end=\"1536\"><strong>Luxe :<\/strong> la solution \u201cz\u00e9ro stress\u201d, cl\u00e9s en main<\/p><\/li><\/ul><p data-start=\"1538\" data-end=\"1649\">Et si vous h\u00e9sitez, on vous guide : le but n\u2019est pas de vous vendre \u201cle plus cher\u201d, mais le plus adapt\u00e9.<\/p><h3 data-start=\"1651\" data-end=\"1696\">Pourquoi faire appel \u00e0 VGV D\u00e9m\u00e9nagement ?<\/h3><p data-start=\"1697\" data-end=\"1772\">Parce que vous m\u00e9ritez une \u00e9quipe qui prend votre d\u00e9m\u00e9nagement au s\u00e9rieux :<\/p><ul data-start=\"1773\" data-end=\"2180\"><li data-start=\"1773\" data-end=\"1855\"><p data-start=\"1775\" data-end=\"1855\"><strong data-start=\"1775\" data-end=\"1803\">Ponctualit\u00e9 et fiabilit\u00e9<\/strong> : nous respectons les horaires et les engagements<\/p><\/li><li data-start=\"1856\" data-end=\"1936\"><p data-start=\"1858\" data-end=\"1936\"><strong data-start=\"1858\" data-end=\"1878\">Mobilier prot\u00e9g\u00e9<\/strong> : couverture, sanglage et attention aux objets fragiles<\/p><\/li><li data-start=\"1937\" data-end=\"2004\"><p data-start=\"1939\" data-end=\"2004\"><strong data-start=\"1939\" data-end=\"1963\">Communication simple<\/strong> : vous savez o\u00f9 on en est, sans stress<\/p><\/li><li data-start=\"2005\" data-end=\"2060\"><p data-start=\"2007\" data-end=\"2060\"><strong data-start=\"2007\" data-end=\"2022\">Devis clair<\/strong> : pas de surprise au dernier moment<\/p><\/li><\/ul><h3 data-start=\"2182\" data-end=\"2205\">Zone d\u2019intervention<\/h3><p data-start=\"2206\" data-end=\"2419\">Nous intervenons dans toute la France.<br data-start=\"2269\" data-end=\"2272\" \/>Que ce soit un petit appartement ou une maison compl\u00e8te, nous adaptons la logistique selon l\u2019acc\u00e8s, les \u00e9tages, l\u2019ascenseur, le stationnement, etc.<\/p><h3 data-start=\"2421\" data-end=\"2433\">Horaires<\/h3><p data-start=\"2434\" data-end=\"2458\">Nous sommes joignables :<\/p><ul data-start=\"2459\" data-end=\"2531\"><li data-start=\"2459\" data-end=\"2500\"><p data-start=\"2461\" data-end=\"2500\"><strong data-start=\"2461\" data-end=\"2500\">Du lundi au samedi : 8h00 \u2013 21h00<\/strong><\/p><\/li><\/ul><h3 data-start=\"2533\" data-end=\"2554\">Demander un devis<\/h3><p data-start=\"2555\" data-end=\"2828\">Vous avez une date en t\u00eate, un trajet, ou simplement besoin d\u2019une estimation ?<br data-start=\"2633\" data-end=\"2636\" \/>Remplissez notre formulaire de demande de devis : cela ne prend que 1 minute.<br data-start=\"2719\" data-end=\"2722\" \/>Nous vous recontactons rapidement pour confirmer les d\u00e9tails et vous proposer la solution la plus adapt\u00e9e.<\/p><p data-start=\"2830\" data-end=\"2892\"><strong data-start=\"2830\" data-end=\"2892\">Avec VGV D\u00e9m\u00e9nagement,\u00a0vous d\u00e9m\u00e9nagez l\u2019esprit plus l\u00e9ger.<\/strong><\/p><p data-start=\"2830\" data-end=\"2892\"><strong data-start=\"131\" data-end=\"174\">Pr\u00eat(e) \u00e0 d\u00e9m\u00e9nager en toute s\u00e9r\u00e9nit\u00e9 ?<\/strong><br data-start=\"174\" data-end=\"177\" \/>Cliquez ci-dessous pour recevoir votre estimation :<\/p>\t\t\t\t\t\t\t\t<\/div>\n\t\t\t\t\t<\/div>\n\t\t\t\t<\/div>\n\t\t<div class=\"elementor-element elementor-element-1de6fa9 e-flex e-con-boxed e-con e-parent\" data-id=\"1de6fa9\" data-element_type=\"container\">\n\t\t\t\t\t<div class=\"e-con-inner\">\n\t\t\t\t<div class=\"elementor-element elementor-element-f8be007 elementor-widget elementor-widget-button\" data-id=\"f8be007\" data-element_type=\"widget\" data-widget_type=\"button.default\">\n\t\t\t\t\t\t\t\t\t\t<a class=\"elementor-button elementor-button-link elementor-size-sm\" href=\"https:\/\/vgvdemenagement.fr\/?page_id=36\">\n\t\t\t\t\t\t<span class=\"elementor-button-content-wrapper\">\n\t\t\t\t\t\t\t\t\t<span class=\"elementor-button-text\">Je demande mon devis<\/span>\n\t\t\t\t\t<\/span>\n\t\t\t\t\t<\/a>\n\t\t\t\t\t\t\t\t<\/div>\n\t\t\t\t\t<\/div>\n\t\t\t\t<\/div>\n\t\t\t\t<\/div>\n\t\t","protected":false},"excerpt":{"rendered":"<p>Chez VGV D\u00e9m\u00e9nagement, nous savons qu\u2019un d\u00e9m\u00e9nagement n\u2019est pas juste un transport de cartons. C\u2019est un moment important, parfois stressant, [&hellip;]<\/p>\n","protected":false},"author":1,"featured_media":0,"parent":0,"menu_order":0,"comment_status":"closed","ping_status":"closed","template":"","meta":{"_eb_attr":"","site-sidebar-layout":"no-sidebar","site-content-layout":"","ast-site-content-layout":"full-width-container","site-content-style":"default","site-sidebar-style":"default","ast-global-header-display":"","ast-banner-title-visibility":"","ast-main-header-display":"","ast-hfb-above-header-display":"","ast-hfb-below-header-display":"","ast-hfb-mobile-header-display":"","site-post-title":"","ast-breadcrumbs-content":"","ast-featured-img":"disabled","footer-sml-layout":"","ast-disable-related-posts":"","theme-transparent-header-meta":"","adv-header-id-meta":"","stick-header-meta":"","header-above-stick-meta":"","header-main-stick-meta":"","header-below-stick-meta":"","astra-migrate-meta-layouts":"default","ast-page-background-enabled":"default","ast-page-background-meta":{"desktop":{"background-color":"var(--ast-global-color-5)","background-image":"","background-repeat":"repeat","background-position":"center center","background-size":"auto","background-attachment":"scroll","background-type":"","background-media":"","overlay-type":"","overlay-color":"","overlay-opacity":"","overlay-gradient":""},"tablet":{"background-color":"","background-image":"","background-repeat":"repeat","background-position":"center center","background-size":"auto","background-attachment":"scroll","background-type":"","background-media":"","overlay-type":"","overlay-color":"","overlay-opacity":"","overlay-gradient":""},"mobile":{"background-color":"","background-image":"","background-repeat":"repeat","background-position":"center center","background-size":"auto","background-attachment":"scroll","background-type":"","background-media":"","overlay-type":"","overlay-color":"","overlay-opacity":"","overlay-gradient":""}},"ast-content-background-meta":{"desktop":{"background-color":"var(--ast-global-color-4)","background-image":"","background-repeat":"repeat","background-position":"center center","background-size":"auto","background-attachment":"scroll","background-type":"","background-media":"","overlay-type":"","overlay-color":"","overlay-opacity":"","overlay-gradient":""},"tablet":{"background-color":"var(--ast-global-color-4)","background-image":"","background-repeat":"repeat","background-position":"center center","background-size":"auto","background-attachment":"scroll","background-type":"","background-media":"","overlay-type":"","overlay-color":"","overlay-opacity":"","overlay-gradient":""},"mobile":{"background-color":"var(--ast-global-color-4)","background-image":"","background-repeat":"repeat","background-position":"center center","background-size":"auto","background-attachment":"scroll","background-type":"","background-media":"","overlay-type":"","overlay-color":"","overlay-opacity":"","overlay-gradient":""}},"footnotes":""},"class_list":["post-82","page","type-page","status-publish","hentry"],"_links":{"self":[{"href":"https:\/\/vgvdemenagement.fr\/index.php?rest_route=\/wp\/v2\/pages\/82","targetHints":{"allow":["GET"]}}],"collection":[{"href":"https:\/\/vgvdemenagement.fr\/index.php?rest_route=\/wp\/v2\/pages"}],"about":[{"href":"https:\/\/vgvdemenagement.fr\/index.php?rest_route=\/wp\/v2\/types\/page"}],"author":[{"embeddable":true,"href":"https:\/\/vgvdemenagement.fr\/index.php?rest_route=\/wp\/v2\/users\/1"}],"replies":[{"embeddable":true,"href":"https:\/\/vgvdemenagement.fr\/index.php?rest_route=%2Fwp%2Fv2%2Fcomments&post=82"}],"version-history":[{"count":15,"href":"https:\/\/vgvdemenagement.fr\/index.php?rest_route=\/wp\/v2\/pages\/82\/revisions"}],"predecessor-version":[{"id":297,"href":"https:\/\/vgvdemenagement.fr\/index.php?rest_route=\/wp\/v2\/pages\/82\/revisions\/297"}],"wp:attachment":[{"href":"https:\/\/vgvdemenagement.fr\/index.php?rest_route=%2Fwp%2Fv2%2Fmedia&parent=82"}],"curies":[{"name":"wp","href":"https:\/\/api.w.org\/{rel}","templated":true}]}}