{"id":3,"date":"2025-12-29T18:09:30","date_gmt":"2025-12-29T18:09:30","guid":{"rendered":"http:\/\/dllamod.cluster100.hosting.ovh.net\/?page_id=3"},"modified":"2026-02-01T18:48:05","modified_gmt":"2026-02-01T18:48:05","slug":"privacy-policy","status":"publish","type":"page","link":"https:\/\/vgvdemenagement.fr\/?page_id=3","title":{"rendered":""},"content":{"rendered":"\t\t<div data-elementor-type=\"wp-page\" data-elementor-id=\"3\" class=\"elementor elementor-3\">\n\t\t\t\t<div class=\"elementor-element elementor-element-ee5ec78 e-flex e-con-boxed e-con e-parent\" data-id=\"ee5ec78\" data-element_type=\"container\">\n\t\t\t\t\t<div class=\"e-con-inner\">\n\t\t\t\t<div class=\"elementor-element elementor-element-86877ff elementor-widget elementor-widget-heading\" data-id=\"86877ff\" data-element_type=\"widget\" data-widget_type=\"heading.default\">\n\t\t\t\t\t<h2 class=\"elementor-heading-title elementor-size-default\">Politique de confidentialit\u00e9<\/h2>\t\t\t\t<\/div>\n\t\t\t\t\t<\/div>\n\t\t\t\t<\/div>\n\t\t<div class=\"elementor-element elementor-element-1898b1f2 e-flex e-con-boxed e-con e-parent\" data-id=\"1898b1f2\" data-element_type=\"container\">\n\t\t\t\t\t<div class=\"e-con-inner\">\n\t\t\t\t<div class=\"elementor-element elementor-element-4a74f94f elementor-widget elementor-widget-text-editor\" data-id=\"4a74f94f\" data-element_type=\"widget\" data-widget_type=\"text-editor.default\">\n\t\t\t\t\t\t\t\t\t<p data-start=\"258\" data-end=\"295\">Derni\u00e8re mise \u00e0 jour : <strong data-start=\"281\" data-end=\"295\">01\/02\/2026<\/strong><\/p>\n<h3 data-start=\"297\" data-end=\"338\">1) Qui est responsable du traitement ?<\/h3>\n<p data-start=\"339\" data-end=\"421\">Le responsable du traitement des donn\u00e9es personnelles collect\u00e9es sur ce site est :<\/p>\n<p data-start=\"423\" data-end=\"576\"><strong data-start=\"423\" data-end=\"464\"><span class=\"hover:entity-accent entity-underline inline cursor-pointer align-baseline\"><span class=\"whitespace-normal\">VGV D\u00e9m\u00e9nagement<\/span><\/span><\/strong><br data-start=\"464\" data-end=\"467\" \/>10 Rue de Belledonne, 38320 Eybens, France<br data-start=\"509\" data-end=\"512\" \/>Email : <a class=\"decorated-link cursor-pointer\" rel=\"noopener\" data-start=\"520\" data-end=\"545\">vgvdemenagement@gmail.com<\/a><br data-start=\"545\" data-end=\"548\" \/>T\u00e9l\u00e9phone : 04 76 18 06 97<\/p>\n<h3 data-start=\"578\" data-end=\"617\">2) Quelles donn\u00e9es collectons-nous ?<\/h3>\n<p data-start=\"618\" data-end=\"750\">Nous collectons uniquement les donn\u00e9es n\u00e9cessaires pour r\u00e9pondre \u00e0 vos demandes et assurer le suivi de nos \u00e9changes, notamment via :<\/p>\n<ul data-start=\"751\" data-end=\"813\">\n<li data-start=\"751\" data-end=\"777\">\n<p data-start=\"753\" data-end=\"777\">Le formulaire de contact<\/p>\n<\/li>\n<li data-start=\"778\" data-end=\"813\">\n<p data-start=\"780\" data-end=\"813\">Le formulaire de demande de devis<\/p>\n<\/li>\n<\/ul>\n<p data-start=\"815\" data-end=\"867\">Selon les formulaires, les donn\u00e9es peuvent inclure :<\/p>\n<ul data-start=\"868\" data-end=\"1192\">\n<li data-start=\"868\" data-end=\"892\">\n<p data-start=\"870\" data-end=\"892\">Identit\u00e9 : nom, pr\u00e9nom<\/p>\n<\/li>\n<li data-start=\"893\" data-end=\"925\">\n<p data-start=\"895\" data-end=\"925\">Coordonn\u00e9es : email, t\u00e9l\u00e9phone<\/p>\n<\/li>\n<li data-start=\"926\" data-end=\"1065\">\n<p data-start=\"928\" data-end=\"1065\">Informations li\u00e9es au d\u00e9m\u00e9nagement : villes de d\u00e9part\/arriv\u00e9e, date souhait\u00e9e, logement, \u00e9tage\/ascenseur, options choisies, message libre<\/p>\n<\/li>\n<li data-start=\"1066\" data-end=\"1192\">\n<p data-start=\"1068\" data-end=\"1192\">Donn\u00e9es techniques (automatiques) : adresse IP, type d\u2019appareil\/navigateur, pages consult\u00e9es, cookies (voir section Cookies)<\/p>\n<\/li>\n<\/ul>\n<h3 data-start=\"1194\" data-end=\"1249\">3) Pourquoi utilisons-nous vos donn\u00e9es ? (finalit\u00e9s)<\/h3>\n<p data-start=\"1250\" data-end=\"1283\">Vos donn\u00e9es sont utilis\u00e9es pour :<\/p>\n<ul data-start=\"1284\" data-end=\"1583\">\n<li data-start=\"1284\" data-end=\"1326\">\n<p data-start=\"1286\" data-end=\"1326\">R\u00e9pondre \u00e0 vos demandes (contact, devis)<\/p>\n<\/li>\n<li data-start=\"1327\" data-end=\"1368\">\n<p data-start=\"1329\" data-end=\"1368\">Vous recontacter par email ou t\u00e9l\u00e9phone<\/p>\n<\/li>\n<li data-start=\"1369\" data-end=\"1445\">\n<p data-start=\"1371\" data-end=\"1445\">\u00c9tablir une estimation\/devis et organiser une \u00e9ventuelle visite \u00e0 domicile<\/p>\n<\/li>\n<li data-start=\"1446\" data-end=\"1509\">\n<p data-start=\"1448\" data-end=\"1509\">Assurer le suivi administratif et commercial de votre demande<\/p>\n<\/li>\n<li data-start=\"1510\" data-end=\"1583\">\n<p data-start=\"1512\" data-end=\"1583\">Am\u00e9liorer le fonctionnement et la s\u00e9curit\u00e9 du site (donn\u00e9es techniques)<\/p>\n<\/li>\n<\/ul>\n<h3 data-start=\"1585\" data-end=\"1616\">4) Base l\u00e9gale du traitement<\/h3>\n<p data-start=\"1617\" data-end=\"1656\">Nous traitons vos donn\u00e9es sur la base :<\/p>\n<ul data-start=\"1657\" data-end=\"1915\">\n<li data-start=\"1657\" data-end=\"1722\">\n<p data-start=\"1659\" data-end=\"1722\">De votre <strong data-start=\"1668\" data-end=\"1684\">consentement<\/strong> (quand vous remplissez un formulaire)<\/p>\n<\/li>\n<li data-start=\"1723\" data-end=\"1804\">\n<p data-start=\"1725\" data-end=\"1804\">De notre <strong data-start=\"1734\" data-end=\"1754\">int\u00e9r\u00eat l\u00e9gitime<\/strong> \u00e0 r\u00e9pondre \u00e0 vos demandes et g\u00e9rer notre activit\u00e9<\/p>\n<\/li>\n<li data-start=\"1805\" data-end=\"1915\">\n<p data-start=\"1807\" data-end=\"1915\">Et, le cas \u00e9ch\u00e9ant, de l\u2019<strong data-start=\"1832\" data-end=\"1874\">ex\u00e9cution de mesures pr\u00e9contractuelles<\/strong> (pr\u00e9paration d\u2019un devis \u00e0 votre demande)<\/p>\n<\/li>\n<\/ul>\n<h3 data-start=\"1917\" data-end=\"1950\">5) Qui a acc\u00e8s \u00e0 vos donn\u00e9es ?<\/h3>\n<p data-start=\"1951\" data-end=\"2012\">Vos donn\u00e9es sont destin\u00e9es uniquement \u00e0 <strong data-start=\"1991\" data-end=\"2011\">VGV D\u00e9m\u00e9nagement<\/strong>.<\/p>\n<p data-start=\"2014\" data-end=\"2203\">Elles peuvent \u00eatre accessibles \u00e0 certains prestataires techniques indispensables au fonctionnement du site (ex : h\u00e9bergement, emails, plugins), uniquement dans la limite de leurs missions :<\/p>\n<ul data-start=\"2204\" data-end=\"2310\">\n<li data-start=\"2204\" data-end=\"2257\">\n<p data-start=\"2206\" data-end=\"2257\">H\u00e9bergement : <span class=\"hover:entity-accent entity-underline inline cursor-pointer align-baseline\"><span class=\"whitespace-normal\">OVHcloud<\/span><\/span><\/p>\n<\/li>\n<li data-start=\"2258\" data-end=\"2310\">\n<p data-start=\"2260\" data-end=\"2310\">Outils WordPress\/Plugins (ex : formulaire WPForms)<\/p>\n<\/li>\n<\/ul>\n<p data-start=\"2312\" data-end=\"2368\">Nous <strong data-start=\"2317\" data-end=\"2331\">ne vendons<\/strong> et <strong data-start=\"2335\" data-end=\"2348\">ne louons<\/strong> jamais vos donn\u00e9es.<\/p>\n<h3 data-start=\"2370\" data-end=\"2397\">6) Dur\u00e9e de conservation<\/h3>\n<p data-start=\"2398\" data-end=\"2427\">Nous conservons vos donn\u00e9es :<\/p>\n<ul data-start=\"2428\" data-end=\"2791\">\n<li data-start=\"2428\" data-end=\"2502\">\n<p data-start=\"2430\" data-end=\"2502\">Jusqu\u2019\u00e0 <strong data-start=\"2438\" data-end=\"2449\">12 mois<\/strong> apr\u00e8s le dernier \u00e9change si la demande n\u2019aboutit pas<\/p>\n<\/li>\n<li data-start=\"2503\" data-end=\"2662\">\n<p data-start=\"2505\" data-end=\"2662\">Jusqu\u2019\u00e0 <strong data-start=\"2513\" data-end=\"2522\">5 ans<\/strong> maximum en cas de relation commerciale (devis accept\u00e9 \/ prestation), notamment pour obligations administratives et comptables si n\u00e9cessaire<\/p>\n<\/li>\n<li data-start=\"2663\" data-end=\"2791\">\n<p data-start=\"2665\" data-end=\"2791\">Les donn\u00e9es techniques (cookies) sont conserv\u00e9es selon la dur\u00e9e indiqu\u00e9e dans le bandeau cookies ou les r\u00e9glages du navigateur<\/p>\n<\/li>\n<\/ul>\n<h3 data-start=\"2793\" data-end=\"2807\">7) S\u00e9curit\u00e9<\/h3>\n<p data-start=\"2808\" data-end=\"3062\">Nous mettons en \u0153uvre des mesures de s\u00e9curit\u00e9 techniques et organisationnelles pour prot\u00e9ger vos donn\u00e9es (acc\u00e8s limit\u00e9, mises \u00e0 jour, mesures de protection contre les abus et le spam).<br data-start=\"2992\" data-end=\"2995\" \/>Cependant, aucun syst\u00e8me n\u2019offre une s\u00e9curit\u00e9 absolue sur Internet.<\/p>\n<h3 data-start=\"3064\" data-end=\"3080\">8) Vos droits<\/h3>\n<p data-start=\"3081\" data-end=\"3138\">Conform\u00e9ment au RGPD, vous disposez des droits suivants :<\/p>\n<ul data-start=\"3139\" data-end=\"3304\">\n<li data-start=\"3139\" data-end=\"3154\">\n<p data-start=\"3141\" data-end=\"3154\">Droit d\u2019acc\u00e8s<\/p>\n<\/li>\n<li data-start=\"3155\" data-end=\"3179\">\n<p data-start=\"3157\" data-end=\"3179\">Droit de rectification<\/p>\n<\/li>\n<li data-start=\"3180\" data-end=\"3200\">\n<p data-start=\"3182\" data-end=\"3200\">Droit d\u2019effacement<\/p>\n<\/li>\n<li data-start=\"3201\" data-end=\"3221\">\n<p data-start=\"3203\" data-end=\"3221\">Droit d\u2019opposition<\/p>\n<\/li>\n<li data-start=\"3222\" data-end=\"3259\">\n<p data-start=\"3224\" data-end=\"3259\">Droit \u00e0 la limitation du traitement<\/p>\n<\/li>\n<li data-start=\"3260\" data-end=\"3304\">\n<p data-start=\"3262\" data-end=\"3304\">Droit \u00e0 la portabilit\u00e9 (dans certains cas)<\/p>\n<\/li>\n<\/ul>\n<p data-start=\"3306\" data-end=\"3483\">Pour exercer vos droits, contactez-nous : <strong data-start=\"3348\" data-end=\"3377\"><a class=\"decorated-link cursor-pointer\" rel=\"noopener\" data-start=\"3350\" data-end=\"3375\">vgvdemenagement@gmail.com<\/a><\/strong><br data-start=\"3377\" data-end=\"3380\" \/>Nous pourrons vous demander une preuve d\u2019identit\u00e9 si n\u00e9cessaire (uniquement pour s\u00e9curiser la demande).<\/p>\n<p data-start=\"3485\" data-end=\"3552\">Vous pouvez aussi introduire une r\u00e9clamation aupr\u00e8s de la <strong data-start=\"3543\" data-end=\"3551\">CNIL<\/strong>.<\/p>\n<h3 data-start=\"3554\" data-end=\"3567\">9) Cookies<\/h3>\n<p data-start=\"3568\" data-end=\"3625\">Un cookie est un petit fichier stock\u00e9 sur votre appareil.<\/p>\n<p data-start=\"3627\" data-end=\"3653\">Notre site peut utiliser :<\/p>\n<ul data-start=\"3654\" data-end=\"3832\">\n<li data-start=\"3654\" data-end=\"3730\">\n<p data-start=\"3656\" data-end=\"3730\">Des cookies <strong data-start=\"3668\" data-end=\"3683\">n\u00e9cessaires<\/strong> au fonctionnement (ex : s\u00e9curit\u00e9, pr\u00e9f\u00e9rences)<\/p>\n<\/li>\n<li data-start=\"3731\" data-end=\"3832\">\n<p data-start=\"3733\" data-end=\"3832\">Des cookies de mesure d\u2019audience ou services tiers (uniquement si vous les acceptez via le bandeau)<\/p>\n<\/li>\n<\/ul>\n<p data-start=\"3834\" data-end=\"3861\">Vous pouvez \u00e0 tout moment :<\/p>\n<ul data-start=\"3862\" data-end=\"3984\">\n<li data-start=\"3862\" data-end=\"3905\">\n<p data-start=\"3864\" data-end=\"3905\">Accepter \/ refuser via le bandeau cookies<\/p>\n<\/li>\n<li data-start=\"3906\" data-end=\"3926\">\n<p data-start=\"3908\" data-end=\"3926\">Modifier vos choix<\/p>\n<\/li>\n<li data-start=\"3927\" data-end=\"3984\">\n<p data-start=\"3929\" data-end=\"3984\">Ou param\u00e9trer votre navigateur pour bloquer les cookies<\/p>\n<\/li>\n<\/ul>\n<h3 data-start=\"3986\" data-end=\"4000\">10) Contact<\/h3>\n<p data-start=\"4001\" data-end=\"4134\">Pour toute question relative \u00e0 cette politique de confidentialit\u00e9 :<br \/><strong data-start=\"4069\" data-end=\"4089\">VGV D\u00e9m\u00e9nagement<\/strong> \u2013 <a class=\"decorated-link cursor-pointer\" rel=\"noopener\" data-start=\"4092\" data-end=\"4117\">vgvdemenagement@gmail.com<\/a> \u2013 04 76 18 06 97<\/p>\t\t\t\t\t\t\t\t<\/div>\n\t\t\t\t\t<\/div>\n\t\t\t\t<\/div>\n\t\t\t\t<\/div>\n\t\t","protected":false},"excerpt":{"rendered":"<p>Politique de confidentialit\u00e9 Derni\u00e8re mise \u00e0 jour : 01\/02\/2026 1) Qui est responsable du traitement ? Le responsable du traitement [&hellip;]<\/p>\n","protected":false},"author":1,"featured_media":0,"parent":0,"menu_order":0,"comment_status":"closed","ping_status":"open","template":"","meta":{"_eb_attr":"","site-sidebar-layout":"default","site-content-layout":"","ast-site-content-layout":"default","site-content-style":"default","site-sidebar-style":"default","ast-global-header-display":"","ast-banner-title-visibility":"","ast-main-header-display":"","ast-hfb-above-header-display":"","ast-hfb-below-header-display":"","ast-hfb-mobile-header-display":"","site-post-title":"","ast-breadcrumbs-content":"","ast-featured-img":"","footer-sml-layout":"","ast-disable-related-posts":"","theme-transparent-header-meta":"","adv-header-id-meta":"","stick-header-meta":"","header-above-stick-meta":"","header-main-stick-meta":"","header-below-stick-meta":"","astra-migrate-meta-layouts":"default","ast-page-background-enabled":"default","ast-page-background-meta":{"desktop":{"background-color":"var(--ast-global-color-5)","background-image":"","background-repeat":"repeat","background-position":"center center","background-size":"auto","background-attachment":"scroll","background-type":"","background-media":"","overlay-type":"","overlay-color":"","overlay-opacity":"","overlay-gradient":""},"tablet":{"background-color":"","background-image":"","background-repeat":"repeat","background-position":"center center","background-size":"auto","background-attachment":"scroll","background-type":"","background-media":"","overlay-type":"","overlay-color":"","overlay-opacity":"","overlay-gradient":""},"mobile":{"background-color":"","background-image":"","background-repeat":"repeat","background-position":"center center","background-size":"auto","background-attachment":"scroll","background-type":"","background-media":"","overlay-type":"","overlay-color":"","overlay-opacity":"","overlay-gradient":""}},"ast-content-background-meta":{"desktop":{"background-color":"var(--ast-global-color-4)","background-image":"","background-repeat":"repeat","background-position":"center center","background-size":"auto","background-attachment":"scroll","background-type":"","background-media":"","overlay-type":"","overlay-color":"","overlay-opacity":"","overlay-gradient":""},"tablet":{"background-color":"var(--ast-global-color-4)","background-image":"","background-repeat":"repeat","background-position":"center center","background-size":"auto","background-attachment":"scroll","background-type":"","background-media":"","overlay-type":"","overlay-color":"","overlay-opacity":"","overlay-gradient":""},"mobile":{"background-color":"var(--ast-global-color-4)","background-image":"","background-repeat":"repeat","background-position":"center center","background-size":"auto","background-attachment":"scroll","background-type":"","background-media":"","overlay-type":"","overlay-color":"","overlay-opacity":"","overlay-gradient":""}},"footnotes":""},"class_list":["post-3","page","type-page","status-publish","hentry"],"_links":{"self":[{"href":"https:\/\/vgvdemenagement.fr\/index.php?rest_route=\/wp\/v2\/pages\/3","targetHints":{"allow":["GET"]}}],"collection":[{"href":"https:\/\/vgvdemenagement.fr\/index.php?rest_route=\/wp\/v2\/pages"}],"about":[{"href":"https:\/\/vgvdemenagement.fr\/index.php?rest_route=\/wp\/v2\/types\/page"}],"author":[{"embeddable":true,"href":"https:\/\/vgvdemenagement.fr\/index.php?rest_route=\/wp\/v2\/users\/1"}],"replies":[{"embeddable":true,"href":"https:\/\/vgvdemenagement.fr\/index.php?rest_route=%2Fwp%2Fv2%2Fcomments&post=3"}],"version-history":[{"count":3,"href":"https:\/\/vgvdemenagement.fr\/index.php?rest_route=\/wp\/v2\/pages\/3\/revisions"}],"predecessor-version":[{"id":138,"href":"https:\/\/vgvdemenagement.fr\/index.php?rest_route=\/wp\/v2\/pages\/3\/revisions\/138"}],"wp:attachment":[{"href":"https:\/\/vgvdemenagement.fr\/index.php?rest_route=%2Fwp%2Fv2%2Fmedia&parent=3"}],"curies":[{"name":"wp","href":"https:\/\/api.w.org\/{rel}","templated":true}]}}